{"id":113,"date":"2025-10-16T14:33:14","date_gmt":"2025-10-16T12:33:14","guid":{"rendered":"https:\/\/tciit.pl\/?page_id=113"},"modified":"2025-10-17T11:26:47","modified_gmt":"2025-10-17T09:26:47","slug":"o-firmie","status":"publish","type":"page","link":"https:\/\/tciit.pl\/","title":{"rendered":"O Firmie"},"content":{"rendered":"\n<div style=\"background-image:url(&apos;https:\/\/tciit.pl\/wp-content\/uploads\/2025\/09\/vr-7185802-1-1-scaled-1.jpg&apos;);background-position:50% 50%;background-size:cover;\" class=\"wp-block-group is-layout-constrained wp-block-group-is-layout-constrained has-background\">\n<h1 class=\"wp-block-heading has-text-align-center has-palette-color-8-color has-text-color has-link-color wp-elements-fe555dec63d700897ea73f46dd8dedcf\">Optymalizacja i integracja system\u00f3w IT<\/h1>\n\n\n\n<p class=\"has-text-align-center has-palette-color-8-color has-text-color has-link-color wp-elements-ff682f5c03bec19d5b6dec9dc6f14e79\">Tworzymy sp\u00f3jn\u0105, bezawaryjn\u0105 infrastruktur\u0119 IT, kt\u00f3ra ro\u015bnie razem z Twoim biznesem.<\/p>\n\n\n\n<div class=\"wp-block-group alignwide is-content-justification-center is-nowrap is-layout-flex wp-container-core-group-is-layout-23441af8 wp-block-group-is-layout-flex\">\n<div class=\"wp-block-essential-blocks-button  root-eb-button-zdpkv\"><div class=\"eb-parent-wrapper eb-parent-eb-button-zdpkv \"><div class=\"eb-button-wrapper eb-button-alignment eb-button-zdpkv\"><div class=\"eb-button\"><div class=\"eb-button-inner-wrapper \"><a class=\"eb-button-anchor  \" href=\"https:\/\/tciit.pl\/?page_id=116\" rel=\"noopener\"><strong>Oferta<\/strong><\/a><\/div><\/div><\/div><\/div><\/div>\n\n\n\n<div class=\"wp-block-essential-blocks-button  root-eb-button-9e6hl\"><div class=\"eb-parent-wrapper eb-parent-eb-button-9e6hl \"><div class=\"eb-button-wrapper eb-button-alignment eb-button-9e6hl\"><div class=\"eb-button\"><div class=\"eb-button-inner-wrapper \"><a class=\"eb-button-anchor  \" href=\"https:\/\/tciit.pl\/?page_id=118\" rel=\"noopener\">Kontakt<\/a><\/div><\/div><\/div><\/div><\/div>\n<\/div>\n<\/div>\n\n\n\n<div class=\"wp-block-group is-layout-constrained wp-block-group-is-layout-constrained\"><div class=\"wp-block-ub-content-toggle wp-block-ub-content-toggle-block\" id=\"ub-content-toggle-block-bf1285d0-5420-4d45-8a38-874ff303b6b8\" data-mobilecollapse=\"false\" data-desktopcollapse=\"false\" data-preventcollapse=\"false\" data-showonlyone=\"true\">\n<div class=\"wp-block-ub-content-toggle-accordion\" style=\"border-color: #f1f1f1; \" id=\"ub-content-toggle-panel-block-\">\n\t\t\t<div class=\"wp-block-ub-content-toggle-accordion-title-wrap\" style=\"background-color: #f1f1f1;\" aria-controls=\"ub-content-toggle-panel-0-bf1285d0-5420-4d45-8a38-874ff303b6b8\" tabindex=\"0\">\n\t\t\t<p class=\"wp-block-ub-content-toggle-accordion-title ub-content-toggle-title-bf1285d0-5420-4d45-8a38-874ff303b6b8\" style=\"color: #000000; \"><strong>Tworzymy IT, kt\u00f3re po prostu dzia\u0142a<\/strong><\/p>\n\t\t\t<div class=\"wp-block-ub-content-toggle-accordion-toggle-wrap left\" style=\"color: #000000;\"><span class=\"wp-block-ub-content-toggle-accordion-state-indicator wp-block-ub-chevron-down\"><\/span><\/div>\n\t\t<\/div>\n\t\t\t<div role=\"region\" aria-expanded=\"false\" class=\"wp-block-ub-content-toggle-accordion-content-wrap ub-hide\" id=\"ub-content-toggle-panel-0-bf1285d0-5420-4d45-8a38-874ff303b6b8\">\n\n<p>TCIIT to firma stworzona przez do\u015bwiadczonych specjalist\u00f3w z pasj\u0105 do technologii i zrozumieniem dla biznesu. Od ponad 15 lat pomagamy firmom w ca\u0142ej Polsce budowa\u0107 stabilne, bezpieczne i wydajne \u015brodowiska IT \u2013 niezale\u017cnie od skali dzia\u0142alno\u015bci i z\u0142o\u017cono\u015bci infrastruktury.<\/p>\n\n\n\n<p><\/p>\n\n<\/div>\n\t\t<\/div>\n\n<div class=\"wp-block-ub-content-toggle-accordion\" style=\"border-color: #f1f1f1; \" id=\"ub-content-toggle-panel-block-\">\n\t\t\t<div class=\"wp-block-ub-content-toggle-accordion-title-wrap\" style=\"background-color: #f1f1f1;\" aria-controls=\"ub-content-toggle-panel-1-bf1285d0-5420-4d45-8a38-874ff303b6b8\" tabindex=\"0\">\n\t\t\t<p class=\"wp-block-ub-content-toggle-accordion-title ub-content-toggle-title-bf1285d0-5420-4d45-8a38-874ff303b6b8\" style=\"color: #000000; \"><strong>Nasza misja<\/strong><\/p>\n\t\t\t<div class=\"wp-block-ub-content-toggle-accordion-toggle-wrap left\" style=\"color: #000000;\"><span class=\"wp-block-ub-content-toggle-accordion-state-indicator wp-block-ub-chevron-down\"><\/span><\/div>\n\t\t<\/div>\n\t\t\t<div role=\"region\" aria-expanded=\"false\" class=\"wp-block-ub-content-toggle-accordion-content-wrap ub-hide\" id=\"ub-content-toggle-panel-1-bf1285d0-5420-4d45-8a38-874ff303b6b8\">\n\n<p>Wspieramy przedsi\u0119biorstwa w cyfrowej transformacji, dostarczaj\u0105c kompleksowe rozwi\u0105zania informatyczne, kt\u00f3re \u0142\u0105cz\u0105 nowoczesne technologie ze sprawdzonymi standardami. Nasze podej\u015bcie opiera si\u0119 na g\u0142\u0119bokim zrozumieniu potrzeb biznesowych klienta \u2013 nie narzucamy gotowych schemat\u00f3w, lecz projektujemy systemy szyte na miar\u0119.<\/p>\n\n<\/div>\n\t\t<\/div>\n\n<div class=\"wp-block-ub-content-toggle-accordion\" style=\"border-color: #f1f1f1; \" id=\"ub-content-toggle-panel-block-\">\n\t\t\t<div class=\"wp-block-ub-content-toggle-accordion-title-wrap\" style=\"background-color: #f1f1f1;\" aria-controls=\"ub-content-toggle-panel-2-bf1285d0-5420-4d45-8a38-874ff303b6b8\" tabindex=\"0\">\n\t\t\t<p class=\"wp-block-ub-content-toggle-accordion-title ub-content-toggle-title-bf1285d0-5420-4d45-8a38-874ff303b6b8\" style=\"color: #000000; \"><strong>Co nas wyr\u00f3\u017cnia?<\/strong><\/p>\n\t\t\t<div class=\"wp-block-ub-content-toggle-accordion-toggle-wrap left\" style=\"color: #000000;\"><span class=\"wp-block-ub-content-toggle-accordion-state-indicator wp-block-ub-chevron-down\"><\/span><\/div>\n\t\t<\/div>\n\t\t\t<div role=\"region\" aria-expanded=\"false\" class=\"wp-block-ub-content-toggle-accordion-content-wrap ub-hide\" id=\"ub-content-toggle-panel-2-bf1285d0-5420-4d45-8a38-874ff303b6b8\">\n\n<p>Holistyczne podej\u015bcie do IT \u2013 integrujemy r\u00f3\u017cnorodne systemy, zar\u00f3wno legacy, jak i najnowsze rozwi\u0105zania, tworz\u0105c sp\u00f3jn\u0105, bezawaryjn\u0105 infrastruktur\u0119. Podczas gdy wielu dostawc\u00f3w specjalizuje si\u0119 w w\u0105skim zakresie produkt\u00f3w, my patrzymy na technologi\u0119 szerzej, dobieraj\u0105c optymalne narz\u0119dzia dla konkretnych wyzwa\u0144.<\/p>\n\n\n\n<p>R\u00f3wnowaga mi\u0119dzy technologi\u0105 a biznesem \u2013 rozumiemy, \u017ce najlepsza technologia to taka, kt\u00f3ra rzeczywi\u015bcie wspiera cele firmy. Dlatego ka\u017cde nasze rozwi\u0105zanie to przemy\u015blany kompromis mi\u0119dzy wydajno\u015bci\u0105, bezpiecze\u0144stwem, prostot\u0105 eksploatacji i efektywno\u015bci\u0105 kosztow\u0105.<\/p>\n\n\n\n<p>Partnerski model wsp\u00f3\u0142pracy \u2013 stawiamy na transparentn\u0105 komunikacj\u0119, mierzalne rezultaty i d\u0142ugoterminowe relacje oparte na zaufaniu. Szanujemy czas naszych klient\u00f3w i ich zasoby<\/p>\n\n<\/div>\n\t\t<\/div>\n\n<div class=\"wp-block-ub-content-toggle-accordion\" style=\"border-color: #f1f1f1; \" id=\"ub-content-toggle-panel-block-\">\n\t\t\t<div class=\"wp-block-ub-content-toggle-accordion-title-wrap\" style=\"background-color: #f1f1f1;\" aria-controls=\"ub-content-toggle-panel-3-bf1285d0-5420-4d45-8a38-874ff303b6b8\" tabindex=\"0\">\n\t\t\t<p class=\"wp-block-ub-content-toggle-accordion-title ub-content-toggle-title-bf1285d0-5420-4d45-8a38-874ff303b6b8\" style=\"color: #000000; \"><strong>Nasze kompetencje<\/strong><\/p>\n\t\t\t<div class=\"wp-block-ub-content-toggle-accordion-toggle-wrap left\" style=\"color: #000000;\"><span class=\"wp-block-ub-content-toggle-accordion-state-indicator wp-block-ub-chevron-down\"><\/span><\/div>\n\t\t<\/div>\n\t\t\t<div role=\"region\" aria-expanded=\"false\" class=\"wp-block-ub-content-toggle-accordion-content-wrap ub-hide\" id=\"ub-content-toggle-panel-3-bf1285d0-5420-4d45-8a38-874ff303b6b8\">\n\n<p>\u2713 Integracja i konsolidacja system\u00f3w IT \u2013 \u0142\u0105czymy heterogeniczne \u015brodowiska w sp\u00f3jn\u0105 ca\u0142o\u015b\u0107<br>\u2713 Wdra\u017canie i administracja \u2013 systemy Linux, Microsoft i rozwi\u0105zania hybrydowe<br>\u2713 Bezpiecze\u0144stwo IT \u2013 kompleksowe zarz\u0105dzanie ochron\u0105 danych i infrastruktury<br>\u2713 Doradztwo strategiczne \u2013 audyty zasob\u00f3w, planowanie rozwoju IT, optymalizacja koszt\u00f3w<br>\u2713 Dostawy sprz\u0119tu i licencji \u2013 wsp\u00f3\u0142praca z renomowanymi producentami<br>\u2713 Wsparcie posprzeda\u017cowe \u2013 serwis, monitoring i opieka na ka\u017cdym etapie<\/p>\n\n<\/div>\n\t\t<\/div>\n\n<div class=\"wp-block-ub-content-toggle-accordion\" style=\"border-color: #f1f1f1; \" id=\"ub-content-toggle-panel-block-\">\n\t\t\t<div class=\"wp-block-ub-content-toggle-accordion-title-wrap\" style=\"background-color: #f1f1f1;\" aria-controls=\"ub-content-toggle-panel-4-bf1285d0-5420-4d45-8a38-874ff303b6b8\" tabindex=\"0\">\n\t\t\t<p class=\"wp-block-ub-content-toggle-accordion-title ub-content-toggle-title-bf1285d0-5420-4d45-8a38-874ff303b6b8\" style=\"color: #000000; \"><strong>Dlaczego klienci wybieraj\u0105 TCIIT?<\/strong><\/p>\n\t\t\t<div class=\"wp-block-ub-content-toggle-accordion-toggle-wrap left\" style=\"color: #000000;\"><span class=\"wp-block-ub-content-toggle-accordion-state-indicator wp-block-ub-chevron-down open\"><\/span><\/div>\n\t\t<\/div>\n\t\t\t<div role=\"region\" aria-expanded=\"true\" class=\"wp-block-ub-content-toggle-accordion-content-wrap\" id=\"ub-content-toggle-panel-4-bf1285d0-5420-4d45-8a38-874ff303b6b8\">\n\n<p><\/p>\n\n\n\n<ul class=\"wp-block-list\">\n<li>\ud83d\udd39 Do\u015bwiadczenie \u2013 kilkunastoletnia praktyka na polskim rynku IT<br>\ud83d\udd39 Niezawodno\u015b\u0107 \u2013 stabilne platformy informatyczne z gwarancj\u0105 bezpiecze\u0144stwa danych<br>\ud83d\udd39 Elastyczno\u015b\u0107 \u2013 szybka reakcja na zmieniaj\u0105ce si\u0119 potrzeby biznesowe<br>\ud83d\udd39 Wiedza ekspercka \u2013 certyfikowani specjali\u015bci z pasj\u0105 do technologii<br>\ud83d\udd39 Indywidualne podej\u015bcie \u2013 ka\u017cdy projekt to unikalne wyzwanie, nie szablon<\/li>\n<\/ul>\n\n<\/div>\n\t\t<\/div>\n<\/div><\/div>\n\n\n\n<p><\/p>\n\n\n\n<p><strong>Zaufali nam klienci z r\u00f3\u017cnych bran\u017c<br>Wspieramy rozw\u00f3j firm z sektora finansowego, produkcyjnego, handlowego i us\u0142ugowego. Nasi klienci doceniaj\u0105 nie tylko nasz\u0105 wiedz\u0119 techniczn\u0105, ale przede wszystkim zdolno\u015b\u0107 do rozumienia ich biznesu i przek\u0142adania wyzwa\u0144 na konkretne, dzia\u0142aj\u0105ce rozwi\u0105zania.<\/strong><\/p>\n\n\n\n<p><\/p>\n\n\n\n<p><strong>Poznajmy si\u0119! Skontaktuj si\u0119 z nami, aby dowiedzie\u0107 si\u0119, jak mo\u017cemy wspiera\u0107 rozw\u00f3j Twojej firmy. Z przyjemno\u015bci\u0105 opowiemy o naszych sukcesach i wsp\u00f3lnie znajdziemy optymalne rozwi\u0105zania dla Twoich potrzeb IT.<br><\/strong><br><\/p>\n\n\n\n<h2 class=\"wp-block-heading\">TCIIT \u2013 Technologie, kt\u00f3re wspieraj\u0105 Tw\u00f3j biznes<\/h2>\n\n\n\n<p><\/p>\n\n\n\n<div class=\"wp-block-essential-blocks-button  root-eb-button-66rjo\"><div class=\"eb-parent-wrapper eb-parent-eb-button-66rjo \"><div class=\"eb-button-wrapper eb-button-alignment eb-button-66rjo\"><div class=\"eb-button\"><div class=\"eb-button-inner-wrapper \"><a class=\"eb-button-anchor  \" href=\"https:\/\/tciit.pl\/?page_id=118\" rel=\"noopener\">Formularz kontaktowy<\/a><\/div><\/div><\/div><\/div><\/div>\n\n\n\n<p><\/p>\n","protected":false},"excerpt":{"rendered":"<p>Optymalizacja i integracja system\u00f3w IT Tworzymy sp\u00f3jn\u0105, bezawaryjn\u0105 infrastruktur\u0119 IT, kt\u00f3ra ro\u015bnie razem z Twoim biznesem. Zaufali nam klienci z r\u00f3\u017cnych bran\u017cWspieramy rozw\u00f3j firm z sektora finansowego, produkcyjnego, handlowego i us\u0142ugowego. Nasi klienci doceniaj\u0105 nie tylko nasz\u0105 wiedz\u0119 techniczn\u0105, ale przede wszystkim zdolno\u015b\u0107 do rozumienia ich biznesu i przek\u0142adania wyzwa\u0144 na konkretne, dzia\u0142aj\u0105ce rozwi\u0105zania. Poznajmy [&hellip;]<\/p>\n","protected":false},"author":1,"featured_media":0,"parent":0,"menu_order":0,"comment_status":"closed","ping_status":"closed","template":"","meta":{"_eb_attr":"","footnotes":""},"class_list":["post-113","page","type-page","status-publish","hentry"],"blocksy_meta":[],"featured_image_src":null,"_links":{"self":[{"href":"https:\/\/tciit.pl\/index.php?rest_route=\/wp\/v2\/pages\/113","targetHints":{"allow":["GET"]}}],"collection":[{"href":"https:\/\/tciit.pl\/index.php?rest_route=\/wp\/v2\/pages"}],"about":[{"href":"https:\/\/tciit.pl\/index.php?rest_route=\/wp\/v2\/types\/page"}],"author":[{"embeddable":true,"href":"https:\/\/tciit.pl\/index.php?rest_route=\/wp\/v2\/users\/1"}],"replies":[{"embeddable":true,"href":"https:\/\/tciit.pl\/index.php?rest_route=%2Fwp%2Fv2%2Fcomments&post=113"}],"version-history":[{"count":12,"href":"https:\/\/tciit.pl\/index.php?rest_route=\/wp\/v2\/pages\/113\/revisions"}],"predecessor-version":[{"id":5275,"href":"https:\/\/tciit.pl\/index.php?rest_route=\/wp\/v2\/pages\/113\/revisions\/5275"}],"wp:attachment":[{"href":"https:\/\/tciit.pl\/index.php?rest_route=%2Fwp%2Fv2%2Fmedia&parent=113"}],"curies":[{"name":"wp","href":"https:\/\/api.w.org\/{rel}","templated":true}]}}